{"id":92,"date":"2010-01-18T19:57:38","date_gmt":"2010-01-18T19:57:38","guid":{"rendered":"http:\/\/imediata.org\/?page_id=92"},"modified":"2013-12-10T10:02:02","modified_gmt":"2013-12-10T10:02:02","slug":"pense-no-haiti-reze-pelo-haiti","status":"publish","type":"page","link":"https:\/\/imediata.org\/?page_id=92","title":{"rendered":"Pense no Haiti"},"content":{"rendered":"<p>PENSE NO HAITI, REZE PELO HAITI<\/p>\n<p><strong><strong>O Haiti \u00e9 aqui<br \/>\nO Haiti n\u00e3o \u00e9 aqui<\/strong><\/p>\n<p><img decoding=\"async\" src=\"http:\/\/imediata.org\/imagens\/haiti-flag1.gif\" alt=\"\" \/><br \/>\n<object height=\"81\" width=\"100%\"><param name=\"movie\" value=\"http:\/\/player.soundcloud.com\/player.swf?url=http%3A%2F%2Fsoundcloud.com%2Fimediata%2F01-haiti&#038;\"><\/param><param name=\"allowscriptaccess\" value=\"always\"><\/param><embed allowscriptaccess=\"always\" height=\"81\" src=\"http:\/\/player.soundcloud.com\/player.swf?url=http%3A%2F%2Fsoundcloud.com%2Fimediata%2F01-haiti&#038;\" type=\"application\/x-shockwave-flash\" width=\"100%\"><\/embed><\/object>  <span><a href=\"http:\/\/soundcloud.com\/imediata\/01-haiti\">01 Haiti<\/a>  by  <a href=\"http:\/\/soundcloud.com\/imediata\">Imediata<\/a><\/span> <\/p>\n<p><strong>TEXTOS E COMTEXTOS:<\/strong><\/p>\n<p><strong>::The Militarization of Emergency Aid to Haiti: Is it a Humanitarian Operation or an Invasion? by Michel Chossudovsky<\/strong><br \/>\n<a href=\"http:\/\/www.globalresearch.ca\/index.php?context=va&#038;aid=17000\">http:\/\/www.globalresearch.ca\/index.php?context=va&#038;aid=17000<\/a><\/p>\n<p><strong>::Noam Chomsky | The Tragedy of Haiti<\/strong><br \/>\n<a href=\"http:\/\/www.truthout.org\/article\/noam-chomsky-the-tragedy-haiti\">http:\/\/www.truthout.org\/article\/noam-chomsky-the-tragedy-haiti<\/a><\/p>\n<p>::Why does the US owe Haiti Billions? by Bill Quigley<\/strong><br \/>\n<a href=\"http:\/\/www.commondreams.org\/view\/2010\/01\/17-6\">http:\/\/www.commondreams.org\/view\/2010\/01\/17-6<\/a><\/p>\n<p><strong>::The Right Testicle of Hell:<br \/>\nHistory of a Haitian Holocaust<br \/>\nBlackwater before drinking water by Greg Palast for The Huffington Post,  Sunday, January 17, 2010<\/strong>.<br \/>\n<a href=\"http:\/\/www.gregpalast.com\/the-right-testicle-of-hell-history-of-a-haitian-holocaust\/\">http:\/\/www.gregpalast.com\/the-right-testicle-of-hell-history-of-a-haitian-holocaust\/<\/a><\/p>\n<p><strong>::No, Mister! You Cannot Share My Pain!<br \/>\nby John Maxwell, Jamaica Observer,  January 17, 2010:<\/strong><br \/>\n<a href=\"http:\/\/www.infowars.com\/no-mister-you-cannot-share-my-pain\/\">http:\/\/www.infowars.com\/no-mister-you-cannot-share-my-pain\/<\/a><\/p>\n<p><strong>::O Haiti antes e depois da trag\u00e9dia, do Blog de Argemiro Ferreira:<\/strong><br \/>\n<a href=\"http:\/\/www.cartamaior.com.br\/templates\/materiaMostrar.cfm?materia_id=16337\">http:\/\/www.cartamaior.com.br\/templates\/materiaMostrar.cfm?materia_id=16337<\/a><\/p>\n<p><strong>::Haiti, una catastrofe non solo naturale<br \/>\ndi Barbara Spinelli, da &#8220;La Stampa&#8221;, 17 gennaio 2010:<\/strong><br \/>\n<a href=\"http:\/\/temi.repubblica.it\/micromega-online\/haiti-una-catastrofe-non-solo-naturale\/\">http:\/\/temi.repubblica.it\/micromega-online\/haiti-una-catastrofe-non-solo-naturale\/<\/a><\/p>\n<p><strong>::Profiting from Haiti\u2019s Crisis: Disaster Capitalism in Washington\u2019s Backyard,<br \/>\nby Benjamin Dangl, Published on Tuesday, January 19, 2010 by Toward Freedom:<\/strong><br \/>\n<a href=\"http:\/\/www.commondreams.org\/view\/2010\/01\/19-0\">http:\/\/www.commondreams.org\/view\/2010\/01\/19-0<\/a><\/p>\n<p><strong>::Why Katrina Should be a Sobering Reminder: More Than Aid, Haiti Needs Allies, By TOLU OLORUNDAMLK, January 18, 2010:<\/strong><br \/>\n<a href=\"http:\/\/www.counterpunch.org\/tolu01182010.html\">http:\/\/www.counterpunch.org\/tolu01182010.html<\/a><\/p>\n<p><strong>::Shock Therapy? Haiti, Where America Never Learns, By TOM REEVES,<br \/>\nJanuary 15-17, 2010<\/strong><br \/>\n<a href=\"http:\/\/www.counterpunch.org\/reeves01152010.html\">http:\/\/www.counterpunch.org\/reeves01152010.html<\/a><\/p>\n<p>:<strong>:Global Capitalism and Devastation in Haiti,by Tanya Golash-Boza \/ January 18th, 2010<\/strong><br \/>\n<a href=\"http:\/\/dissidentvoice.org\/2010\/01\/global-capitalism-and-devastation-in-haiti\/\">http:\/\/dissidentvoice.org\/2010\/01\/global-capitalism-and-devastation-in-haiti\/<\/a><\/p>\n<p><strong>::The Social Historical Context of \u201cNatural Disasters\u201d: Haiti, by Victor M. Rodriguez Dom\u00ednguez \/ January 18th, 2010:<\/strong><br \/>\n<a href=\"http:\/\/dissidentvoice.org\/2010\/01\/the-social-historical-context-of-\u201cnatural-disasters\u201d-haiti\/\">http:\/\/dissidentvoice.org\/2010\/01\/the-social-historical-context-of-\u201cnatural-disasters\u201d-haiti\/<\/a><\/p>\n<p><strong>::La militarizaci\u00f3n de la ayuda de emergencia a Hait\u00ed<br \/>\n\u00bfOperaci\u00f3n humanitaria o invasi\u00f3n?, Michel Chossudovsky,<br \/>\nGlobal Research:<\/strong><br \/>\n<a href=\"http:\/\/www.rebelion.org\/noticia.php?id=98917\">http:\/\/www.rebelion.org\/noticia.php?id=98917<\/a><\/p>\n<p><strong>::Os pecados do Haiti, por Eduardo Galeano: <\/strong><br \/>\n<a href=\"http:\/\/imediata.org\/?p=93\">http:\/\/imediata.org\/?p=93<\/a><\/p>\n<p><strong>::The Kidnapping of Haiti, by John Pilger:<\/strong><br \/>\n<a href=\"http:\/\/www.globalresearch.ca\/index.php?context=va&#038;aid=17251\">http:\/\/www.globalresearch.ca\/index.php?context=va&#038;aid=17251<\/a><\/p>\n<p><strong>SUGEST\u00c3O DE LEITURA<\/strong> (do N\u00facleo Piratininga de Comunica\u00e7\u00e3o: <a href=\"http:\/\/www.piratininga.org.br\/\">http:\/\/www.piratininga.org.br\/<\/a>):<br \/>\nUma novela publicada em 1949 pelo escritor cubano Alejo Carpentier conta hist\u00f3ria da Revolu\u00e7\u00e3o Haitiana:<br \/>\n<img decoding=\"async\" src=\"http:\/\/imediata.org\/imagens\/elreino.jpg\" alt=\"\" \/><\/p>\n<p><img decoding=\"async\" src=\"http:\/\/imediata.org\/imagens\/462984.jpg\" alt=\"null\" \/><\/p>\n","protected":false},"excerpt":{"rendered":"<p>PENSE NO HAITI, REZE PELO HAITI O Haiti \u00e9 aqui O Haiti n\u00e3o \u00e9 aqui 01 Haiti by Imediata TEXTOS E COMTEXTOS: ::The Militarization of Emergency Aid to Haiti: Is it a Humanitarian Operation or an Invasion? by Michel Chossudovsky http:\/\/www.globalresearch.ca\/index.php?context=va&#038;aid=17000 ::Noam Chomsky | The Tragedy of Haiti http:\/\/www.truthout.org\/article\/noam-chomsky-the-tragedy-haiti ::Why does the US owe Haiti [&hellip;]<\/p>\n","protected":false},"author":1,"featured_media":0,"parent":0,"menu_order":0,"comment_status":"open","ping_status":"open","template":"","meta":{"footnotes":""},"class_list":["post-92","page","type-page","status-publish","hentry"],"_links":{"self":[{"href":"https:\/\/imediata.org\/index.php?rest_route=\/wp\/v2\/pages\/92","targetHints":{"allow":["GET"]}}],"collection":[{"href":"https:\/\/imediata.org\/index.php?rest_route=\/wp\/v2\/pages"}],"about":[{"href":"https:\/\/imediata.org\/index.php?rest_route=\/wp\/v2\/types\/page"}],"author":[{"embeddable":true,"href":"https:\/\/imediata.org\/index.php?rest_route=\/wp\/v2\/users\/1"}],"replies":[{"embeddable":true,"href":"https:\/\/imediata.org\/index.php?rest_route=%2Fwp%2Fv2%2Fcomments&post=92"}],"version-history":[{"count":3,"href":"https:\/\/imediata.org\/index.php?rest_route=\/wp\/v2\/pages\/92\/revisions"}],"predecessor-version":[{"id":4326,"href":"https:\/\/imediata.org\/index.php?rest_route=\/wp\/v2\/pages\/92\/revisions\/4326"}],"wp:attachment":[{"href":"https:\/\/imediata.org\/index.php?rest_route=%2Fwp%2Fv2%2Fmedia&parent=92"}],"curies":[{"name":"wp","href":"https:\/\/api.w.org\/{rel}","templated":true}]}}