{"id":8,"date":"2008-06-23T18:25:17","date_gmt":"2008-06-23T18:25:17","guid":{"rendered":"http:\/\/imediata.org\/?page_id=8"},"modified":"2009-11-17T18:19:32","modified_gmt":"2009-11-17T18:19:32","slug":"dados-imediatos","status":"publish","type":"page","link":"https:\/\/imediata.org\/?page_id=8","title":{"rendered":"DADOS IMEDIATOS"},"content":{"rendered":"<p><strong>Desde a sua primeira experi\u00eancia on-line, em 1997, quando articulou-se a uma rede internacional que divulgava informa\u00e7\u00f5es sobre Timor Leste \u2014 em luta pela sua autodetermina\u00e7\u00e3o \u2014 a Ag\u00eancia procurou no termo \u201cIMEDIATA\u201d o seu sentido mais literal. Aquele que considera a informa\u00e7\u00e3o uma experi\u00eancia direta, sem intermedi\u00e1rios, qualitativa, transformadora e solid\u00e1ria.<\/strong><\/p>\n<p><img decoding=\"async\" src=\"http:\/\/imediata.org\/imagens\/homeimediata1997.jpg\" alt=\"null\" \/><\/p>\n<p><strong>Mais do que formatar uma dada realidade e entreg\u00e1-la imediatamente a um consumidor \u00e1vido por informa\u00e7\u00f5es, os agenciamentos digitais indicam que a informa\u00e7\u00e3o n\u00e3o \u00e9 s\u00f3 o que forma (o dado bruto embalado para viagem), mas o que transforma, modifica, desestabiliza, potencializa, altera e alterna.<\/p>\n<p>Alternar aqui significa experimentar uma diversidade baseada na rela\u00e7\u00e3o entre os v\u00e1rios n\u00edveis de realidade, como o presente e o passado; o concreto e o abstrato; a fic\u00e7\u00e3o e a realidade; a arte e a comunica\u00e7\u00e3o.<\/strong><\/p>\n<p><img decoding=\"async\" src=\"http:\/\/imediata.org\/imagens\/hmeimediata2002.jpg\" alt=\"null\" \/><\/p>\n<p><strong>Contra a t\u00e1tica do reducionismo cultural, econ\u00f4mico e social, que atingiu o ciberespa\u00e7o com a bandeira do \u201cn\u00e3o existe vida inteligente fora da internet\u201d, sugerimos um contraponto radical, baseado num mergulho nas rela\u00e7\u00f5es entre o mundo atual e o mundo virtual.<\/p>\n<p>Apostamos numa aproxima\u00e7\u00e3o entre o dado t\u00e9cnico e a nossa experi\u00eancia cultural (imediata), at\u00e9 para poder compreender como o homem, inventor e organizador de objetos t\u00e9cnicos, foi capaz de erigir uma cibercultura.<\/p>\n<p>Diante da automa\u00e7\u00e3o da percep\u00e7\u00e3o, causada pela repeti\u00e7\u00e3o mec\u00e2nica dos mesmos movimentos e da forma condicionada de olharmos para um mundo onde tudo est\u00e1 superexposto, a sa\u00edda \u00e9 transformar a repeti\u00e7\u00e3o \u2014 que reduz, domina e escraviza \u2014 em diferen\u00e7a.<\/p>\n<p>Como dizia o antrop\u00f3logo Gregory Bateson, a informa\u00e7\u00e3o \u00e9 a diferen\u00e7a que faz a diferen\u00e7a. \u00c9 a esse diferencial que chamamos de invers\u00e3o do fluxo de informa\u00e7\u00e3o.<\/p>\n<p>Convidamos o internauta a participar da experi\u00eancia.<\/strong><\/p>\n","protected":false},"excerpt":{"rendered":"<p>Desde a sua primeira experi\u00eancia on-line, em 1997, quando articulou-se a uma rede internacional que divulgava informa\u00e7\u00f5es sobre Timor Leste \u2014 em luta pela sua autodetermina\u00e7\u00e3o \u2014 a Ag\u00eancia procurou no termo \u201cIMEDIATA\u201d o seu sentido mais literal. Aquele que considera a informa\u00e7\u00e3o uma experi\u00eancia direta, sem intermedi\u00e1rios, qualitativa, transformadora e solid\u00e1ria. Mais do que [&hellip;]<\/p>\n","protected":false},"author":1,"featured_media":0,"parent":0,"menu_order":1,"comment_status":"open","ping_status":"open","template":"","meta":{"footnotes":""},"class_list":["post-8","page","type-page","status-publish","hentry"],"_links":{"self":[{"href":"https:\/\/imediata.org\/index.php?rest_route=\/wp\/v2\/pages\/8","targetHints":{"allow":["GET"]}}],"collection":[{"href":"https:\/\/imediata.org\/index.php?rest_route=\/wp\/v2\/pages"}],"about":[{"href":"https:\/\/imediata.org\/index.php?rest_route=\/wp\/v2\/types\/page"}],"author":[{"embeddable":true,"href":"https:\/\/imediata.org\/index.php?rest_route=\/wp\/v2\/users\/1"}],"replies":[{"embeddable":true,"href":"https:\/\/imediata.org\/index.php?rest_route=%2Fwp%2Fv2%2Fcomments&post=8"}],"version-history":[{"count":1,"href":"https:\/\/imediata.org\/index.php?rest_route=\/wp\/v2\/pages\/8\/revisions"}],"predecessor-version":[{"id":4118,"href":"https:\/\/imediata.org\/index.php?rest_route=\/wp\/v2\/pages\/8\/revisions\/4118"}],"wp:attachment":[{"href":"https:\/\/imediata.org\/index.php?rest_route=%2Fwp%2Fv2%2Fmedia&parent=8"}],"curies":[{"name":"wp","href":"https:\/\/api.w.org\/{rel}","templated":true}]}}