{"id":41,"date":"2008-10-16T11:52:14","date_gmt":"2008-10-16T11:52:14","guid":{"rendered":"http:\/\/imediata.org\/?page_id=41"},"modified":"2013-12-10T10:00:15","modified_gmt":"2013-12-10T10:00:15","slug":"dossie-queda-da-rua-do-muro","status":"publish","type":"page","link":"https:\/\/imediata.org\/?page_id=41","title":{"rendered":"Queda Rua do Muro"},"content":{"rendered":"<p>&#8220;QUEDA DA RUA DO MURO&#8221;, A CRISE FINANCEIRA OU O GRANDE ASSALTO DO MIL\u00caNIO<\/p>\n<p><em><strong>Oh, moon of Alabama<br \/>\nWe now must say goodbye<br \/>\nWe\u2019ve lost our good old mama<br \/>\nAnd must have whisky, oh, you know why<\/strong><\/em><\/p>\n<p><strong>PARA ACOMPANHAR OS DESDOBRAMENTOS:<\/strong><\/p>\n<p><strong><a href=\"http:\/\/www.youtube.com\/watch?v=D2P-l6WTpQg&amp;feature=related\">PLUNDER: THE CRIME OF AOU TIME<\/a><\/strong><br \/>\n<strong><a href=\"http:\/\/www.youtube.com\/watch?v=JeROnVUADj0\">CAPITALISM A LOVE STORY<\/a><\/strong><\/p>\n<p><strong>TEXTOS E CONTEXTOS:<\/strong><\/p>\n<p>&gt;&gt;<strong>Le gouvernement des banques, Par Serge Halimi<\/strong>, Le Monde Diplomatique, 06\/2010: <a href=\"http:\/\/www.monde-diplomatique.fr\/2010\/06\/HALIMI\/19180\">http:\/\/www.monde-diplomatique.fr\/2010\/06\/HALIMI\/19180<\/a><\/p>\n<p>&gt;&gt;<strong>PLUNDER: THE CRIME OF OUR TIME A New Film By Danny Schechter:<\/strong> <a href=\"http:\/\/www.plunderthecrimeofourtime.com\/synopsis.htm\">http:\/\/www.plunderthecrimeofourtime.com\/synopsis.htm<\/a><br \/>\n<object width=\"480\" height=\"385\" classid=\"clsid:d27cdb6e-ae6d-11cf-96b8-444553540000\" codebase=\"http:\/\/download.macromedia.com\/pub\/shockwave\/cabs\/flash\/swflash.cab#version=6,0,40,0\"><param name=\"allowFullScreen\" value=\"true\" \/><param name=\"allowscriptaccess\" value=\"always\" \/><param name=\"src\" value=\"http:\/\/www.youtube.com\/v\/sWwpSFkyDAE&amp;hl=en_US&amp;fs=1&amp;\" \/><param name=\"allowfullscreen\" value=\"true\" \/><embed width=\"480\" height=\"385\" type=\"application\/x-shockwave-flash\" src=\"http:\/\/www.youtube.com\/v\/sWwpSFkyDAE&amp;hl=en_US&amp;fs=1&amp;\" allowFullScreen=\"true\" allowscriptaccess=\"always\" allowfullscreen=\"true\" \/><\/object><\/p>\n<p>&gt;&gt;<strong>O Grotesco Sistema Financeiro Global: o caso da Gr\u00e9cia, por John Pilger<\/strong>, Global Research , May 20, 2010 \/ NewStatesman. Tradu\u00e7\u00e3o em portugu\u00eas aqui: http:\/\/imediata.org\/?p=255<\/p>\n<p>&gt;&gt;<strong>A a\u00e7\u00e3o de crime organizado contra a Gr\u00e9cia, por Hugo Harari-Kermadec e Catherine Samary<\/strong> (25\/05\/10), originalmente publicado em Informa\u00e7\u00e3o Alternativa\/Europe Solidaire Sans Fronti\u00e8res\/Tradu\u00e7\u00e3o- Esquerda.Net: http:\/\/www.cartamaior.com.br\/templates\/materiaMostrar.cfm?materia_id=16619<\/p>\n<p>&gt;&gt;<strong>Do Imp\u00e9rio \u00e0 Democracia, por Howard Zinn<\/strong>, Fonte: The Guardian<br \/>\nTradu\u00e7\u00e3o: Ag\u00eancia Imediata: <a href=\"http:\/\/imediata.org\/?p=42\">http:\/\/imediata.org\/?p=42<\/a><\/p>\n<p>&gt;&gt;<strong>Oh moon of Alabama, por Franco Berardi<\/strong>: <a href=\"http:\/\/imediata.org\/?p=39\"> http:\/\/imediata.org\/?p=39<\/a><\/p>\n<p>&gt;&gt;<strong>Karl Marx manda lembran\u00e7as, por C\u00e9sar Benjamin<\/strong>, Fonte: Folha de S. Paulo (20\/8\/2009): <a href=\"http:\/\/imediata.org\/?p=38\">http:\/\/imediata.org\/?p=38<\/a><\/p>\n<p>&gt;&gt;<strong>Desequil\u00edbrios estruturais do capitalismo atual, por Emir Sader<\/strong>, do Blog do Emir, 11\/09\/2008: <a href=\"http:\/\/imediata.org\/?p=37\">http:\/\/imediata.org\/?p=37<\/a><\/p>\n<p><object width=\"425\" height=\"344\" classid=\"clsid:d27cdb6e-ae6d-11cf-96b8-444553540000\" codebase=\"http:\/\/download.macromedia.com\/pub\/shockwave\/cabs\/flash\/swflash.cab#version=6,0,40,0\"><param name=\"allowFullScreen\" value=\"true\" \/><param name=\"src\" value=\"http:\/\/www.youtube.com\/v\/_QXJ3OXWaOY&amp;hl=en&amp;fs=1\" \/><param name=\"allowfullscreen\" value=\"true\" \/><embed width=\"425\" height=\"344\" type=\"application\/x-shockwave-flash\" src=\"http:\/\/www.youtube.com\/v\/_QXJ3OXWaOY&amp;hl=en&amp;fs=1\" allowFullScreen=\"true\" allowfullscreen=\"true\" \/><\/object><\/p>\n<p><object width=\"425\" height=\"344\" classid=\"clsid:d27cdb6e-ae6d-11cf-96b8-444553540000\" codebase=\"http:\/\/download.macromedia.com\/pub\/shockwave\/cabs\/flash\/swflash.cab#version=6,0,40,0\"><param name=\"allowFullScreen\" value=\"true\" \/><param name=\"src\" value=\"http:\/\/www.youtube.com\/v\/JWTB_2PwLt0&amp;hl=en&amp;fs=1\" \/><param name=\"allowfullscreen\" value=\"true\" \/><embed width=\"425\" height=\"344\" type=\"application\/x-shockwave-flash\" src=\"http:\/\/www.youtube.com\/v\/JWTB_2PwLt0&amp;hl=en&amp;fs=1\" allowFullScreen=\"true\" allowfullscreen=\"true\" \/><\/object><\/p>\n<p><strong>Alabama Song (Whisky Bar) <\/strong><\/p>\n<p><em>The &#8220;Alabama Song&#8221; (also known as &#8220;Whiskey Bar&#8221;) was originally published in Bertolt Brecht&#8217;s Hauspostille (1927). It was set to music by Kurt Weill for the 1927 &#8220;Songspiel&#8221; Mahagonny and used again in Weill&#8217;s and Brecht&#8217;s 1930 opera Rise and Fall of the City of Mahagonny<\/em><\/p>\n<p>Well, show me the way<br \/>\nTo the next whisky bar<br \/>\nOh, don&#8217;t ask why<br \/>\nOh, don&#8217;t ask why<\/p>\n<p>Show me the way<br \/>\nTo the next whisky bar<br \/>\nOh, don&#8217;t ask why<br \/>\nOh, don&#8217;t ask why<\/p>\n<p>For if we don&#8217;t find<br \/>\nThe next whisky bar<br \/>\nI tell you we must die<br \/>\nI tell you we must die<br \/>\nI tell you, I tell you<br \/>\nI tell you we must die<\/p>\n<p>Oh, moon of Alabama<br \/>\nWe now must say goodbye<br \/>\nWe&#8217;ve lost our good old mama<br \/>\nAnd must have whisky, oh, you know why<\/p>\n<p>Oh, moon of Alabama<br \/>\nWe now must say goodbye<br \/>\nWe&#8217;ve lost our good old mama<br \/>\nAnd must have whisky, oh, you know why<\/p>\n<p>Well, show me the way<br \/>\nTo the next little girl<br \/>\nOh, don&#8217;t ask why<br \/>\nOh, don&#8217;t ask why<\/p>\n<p>Show me the way<br \/>\nTo the next little girl<br \/>\nOh, don&#8217;t ask why<br \/>\nOh, don&#8217;t ask why<\/p>\n<p>For if we don&#8217;t find<br \/>\nThe next little girl<br \/>\nI tell you we must die<br \/>\nI tell you we must die<br \/>\nI tell you, I tell you<br \/>\nI tell you we must die<\/p>\n<p>Oh, moon of Alabama<br \/>\nWe now must say goodbye<br \/>\nWe&#8217;ve lost our good old mama<br \/>\nAnd must have whisky, oh, you know why<\/p>\n<p><object width=\"425\" height=\"344\" classid=\"clsid:d27cdb6e-ae6d-11cf-96b8-444553540000\" codebase=\"http:\/\/download.macromedia.com\/pub\/shockwave\/cabs\/flash\/swflash.cab#version=6,0,40,0\"><param name=\"allowFullScreen\" value=\"true\" \/><param name=\"src\" value=\"http:\/\/www.youtube.com\/v\/KnHRTmZGS6g&amp;hl=en&amp;fs=1\" \/><param name=\"allowfullscreen\" value=\"true\" \/><embed width=\"425\" height=\"344\" type=\"application\/x-shockwave-flash\" src=\"http:\/\/www.youtube.com\/v\/KnHRTmZGS6g&amp;hl=en&amp;fs=1\" allowFullScreen=\"true\" allowfullscreen=\"true\" \/><\/object><\/p>\n<p><object width=\"425\" height=\"344\" classid=\"clsid:d27cdb6e-ae6d-11cf-96b8-444553540000\" codebase=\"http:\/\/download.macromedia.com\/pub\/shockwave\/cabs\/flash\/swflash.cab#version=6,0,40,0\"><param name=\"allowFullScreen\" value=\"true\" \/><param name=\"src\" value=\"http:\/\/www.youtube.com\/v\/kNCEURBYEGo&amp;hl=en&amp;fs=1\" \/><param name=\"allowfullscreen\" value=\"true\" \/><embed width=\"425\" height=\"344\" type=\"application\/x-shockwave-flash\" src=\"http:\/\/www.youtube.com\/v\/kNCEURBYEGo&amp;hl=en&amp;fs=1\" allowFullScreen=\"true\" allowfullscreen=\"true\" \/><\/object><\/p>\n","protected":false},"excerpt":{"rendered":"<p>&#8220;QUEDA DA RUA DO MURO&#8221;, A CRISE FINANCEIRA OU O GRANDE ASSALTO DO MIL\u00caNIO Oh, moon of Alabama We now must say goodbye We\u2019ve lost our good old mama And must have whisky, oh, you know why PARA ACOMPANHAR OS DESDOBRAMENTOS: PLUNDER: THE CRIME OF AOU TIME CAPITALISM A LOVE STORY TEXTOS E CONTEXTOS: &gt;&gt;Le [&hellip;]<\/p>\n","protected":false},"author":1,"featured_media":0,"parent":0,"menu_order":0,"comment_status":"open","ping_status":"open","template":"","meta":{"footnotes":""},"class_list":["post-41","page","type-page","status-publish","hentry"],"_links":{"self":[{"href":"https:\/\/imediata.org\/index.php?rest_route=\/wp\/v2\/pages\/41","targetHints":{"allow":["GET"]}}],"collection":[{"href":"https:\/\/imediata.org\/index.php?rest_route=\/wp\/v2\/pages"}],"about":[{"href":"https:\/\/imediata.org\/index.php?rest_route=\/wp\/v2\/types\/page"}],"author":[{"embeddable":true,"href":"https:\/\/imediata.org\/index.php?rest_route=\/wp\/v2\/users\/1"}],"replies":[{"embeddable":true,"href":"https:\/\/imediata.org\/index.php?rest_route=%2Fwp%2Fv2%2Fcomments&post=41"}],"version-history":[{"count":8,"href":"https:\/\/imediata.org\/index.php?rest_route=\/wp\/v2\/pages\/41\/revisions"}],"predecessor-version":[{"id":4322,"href":"https:\/\/imediata.org\/index.php?rest_route=\/wp\/v2\/pages\/41\/revisions\/4322"}],"wp:attachment":[{"href":"https:\/\/imediata.org\/index.php?rest_route=%2Fwp%2Fv2%2Fmedia&parent=41"}],"curies":[{"name":"wp","href":"https:\/\/api.w.org\/{rel}","templated":true}]}}