{"id":259,"date":"2010-06-05T21:35:38","date_gmt":"2010-06-05T21:35:38","guid":{"rendered":"http:\/\/imediata.org\/?page_id=259"},"modified":"2013-12-10T10:02:23","modified_gmt":"2013-12-10T10:02:23","slug":"a-mancha-o-maior-desastre-ecologico-da-historia-dos-eua","status":"publish","type":"page","link":"https:\/\/imediata.org\/?page_id=259","title":{"rendered":"A mancha"},"content":{"rendered":"<p>A MANCHA: o maior desastre ecol\u00f3gico da hist\u00f3ria dos EUA<\/p>\n<p><iframe loading=\"lazy\" style=\"align: center;\" src=\"http:\/\/www.pbs.org\/newshour\/rundown\/oil-ticker\/video.html\" height=\"490\" width=\"300\" frameborder=\"0\" marginwidth=\"5\" marginheight=\"5\" scrolling=\"no\"><\/iframe><br \/>\nAs imagens acima (registradas a 1500 metros de profundidade) foram difundidas ap\u00f3s solicita\u00e7\u00e3o de Edward Markey, presidente da Comiss\u00e3o do Congresso para a mudan\u00e7a clim\u00e1tica, intimando que a BP a torn\u00e1-las p\u00fablicas. Desde o come\u00e7o, a empresa (colidindo com ag\u00eancias do governo como a guarda costeira e a MMS \u2013 Minerals Management Service) gerenciou o desaastre como uma opera\u00e7\u00e3o de rela\u00e7\u00f5es p\u00fablicas, aproveirando do fato que a quase totalidade do petr\u00f3leo derramado esteja escondida pelas ondas oleosas, como um imenso e viscoso iceberg. Gerenciando o acesso \u00e0s imagens e subestimando de v\u00e1rias ordens de grandeza a quantidade de petr\u00f3leo derramada, esta est\u00e1 sendo agora estimada como um derrame sem precedentes. E, como pode ser visto nas imagens, n\u00e3o tem pausa. Numerosas perdas continuam a vomitar o l\u00edquido negro dos abismos, como uma erup\u00e7\u00e3o que n\u00e3o se pode conter. E, como parara o caso daquela atmosf\u00e9rica, do Eyjafjallaj\u00f6kull, n\u00e3o se pode saber quais ser\u00e3o os efeitos t\u00f3xicos. A transmiss\u00e3o \u00e9 intermitente e com frequ\u00eancia interrompida, pelo excesso de visitas. <strong>(Fonte: <a href=\"http:\/\/blog.ilmanifesto.it\/losangelista\/2010\/05\/21\/apocalypse-live\/\">blog Losangelista, de Luca Celada \/ Il Manifesto<\/a>)<\/strong><\/p>\n<p><img decoding=\"async\" alt=\"\" src=\"http:\/\/imediata.org\/imagens\/oilbama.jpg\" \/><\/p>\n<p><strong>PARA ACOMPANHAR OS DESDOBRAMENTOS:<\/strong><\/p>\n<p><a href=\"http:\/\/www.pbs.org\/newshour\/rundown\/horizon-oil-spill.html\">GULF COAST OIL LEAK\/PBS NEWSHOUR<\/a><br \/>\n<a href=\"http:\/\/www.cnn.com\/video\/flashLive\/live.html?stream=stream2&amp;hpt=T2\/\">CNN LIVE<\/a><br \/>\n<a href=\"http:\/\/www.huffingtonpost.com\/2010\/05\/20\/live-gulf-oil-spill-video-feed_n_583682.html\">LIVE Gulf Oil Spill Cam: Watch Video Feed Of BP Spill<\/a><\/p>\n<p><strong>TEXTOS E CONTEXTOS:<\/strong><\/p>\n<p><strong>ATIVISMO:<\/strong><\/p>\n<p><img decoding=\"async\" alt=\"\" src=\"http:\/\/imediata.org\/imagens\/british-petroleum-oil-fields-imperialism-iraq-occupation.jpg\" \/><\/p>\n<p>&gt;&gt; <strong>Art not oil &#8211; manifesta\u00e7\u00f5es na\/contra a Tate<\/strong><br \/>\nRESISTING THE CORPORATIONS<br \/>\nBP oil spill: Tate complicit: On Saturday 15th May, the Tate Modern gallery was forced to close down part of its 10th anniversary exhibition due to dozens of dead fish and oil-soaked birds attached to huge black balloons let loose in the Turbine Hall.<br \/>\n<img decoding=\"async\" alt=\"null\" src=\"http:\/\/imediata.org\/imagens\/protest_bp_oil_flood.jpg\" \/><br \/>\nArt activists from the group Liberate Tate released the fish and birds, which filled the ceiling of the Turbine Hall. Tate staff could not remove them all before the evening celebrations, which meant some of the rotting fish remained reminding visitors of BP&#8217;s oil spill, which amounts to around 5,000 barrels of oil a day, according to official estimates. However, some scientists say the spill could be as much as 100,000 barrels a day and BP claims there is no way to accurately measure the spill.<br \/>\nLiberate Tate is a growing network of people demanding that the Tate drops its sponsorship deal with BP. They distributed a communiqu\u00e9 throughout the 10th anniversary events promising further actions to free art from oil.<br \/>\n<a href=\"www.twitter.com\/liberatetate\">www.twitter.com\/liberatetate <\/a><br \/>\n<a href=\"http:\/\/www.artnotoil.org.uk.\/\">http:\/\/www.artnotoil.org.uk.\/<\/a><br \/>\n<a href=\"http:\/\/www.corporatewatch.org\/?lid=3613\">http:\/\/www.corporatewatch.org\/?lid=3613<\/a><br \/>\n<img decoding=\"async\" alt=\"null\" src=\"http:\/\/imediata.org\/imagens\/phphcwf0gpm.jpg\" \/><\/p>\n<p><strong>Necro-petrolificados<\/strong><\/p>\n<p><em><strong>Versos de Mario Mieli em homenagem<br \/>\nao grand\u00edssimo poeta Edoardo Sanguinetti, rec\u00e9m falecido,<br \/>\ne aos povos do Golfo do M\u00e9xico e do delta do N\u00edger,<br \/>\nao serem for\u00e7ados a conviver com uma realidade putrefata <\/strong><\/em><\/p>\n<p><em>\u201cQuem luta com monstros deve velar por que, ao faz\u00ea-lo, n\u00e3o se transforme tamb\u00e9m em monstro. E se tu olhares, durante muito tempo, para um abismo, o abismo tamb\u00e9m olha para dentro de ti.\u201d<\/em><br \/>\n<strong>Friedrich Nietzsche<\/strong><\/p>\n<p>Violenta<br \/>\nApoteose<br \/>\ndo capita[niba]lismo voraz<\/p>\n<p>Hemorragia de espess\u00edsimas e horripilantes<br \/>\nManchas<br \/>\ndesterradas de insond\u00e1veis profundidades<\/p>\n<p>Petrod\u00f3lares futuros<br \/>\nagora flutuantes<br \/>\ndespertados dos abismos<br \/>\ndo caos e das trevas<\/p>\n<p>E se antes a MEDOUSA<br \/>\npetrificava<br \/>\ntodos que a miravam<br \/>\nHoje,<br \/>\npetrolifica<br \/>\ntodos que a ousam<\/p>\n<p>Mas como faltam Perseus<br \/>\npara cortar-lhe a cabe\u00e7a,<br \/>\ncom todo o respeito que se deve ter at\u00e9 com os inimigos,<br \/>\npara metamorfosear, com amor, o sangue<br \/>\nda g\u00f3rgone em preciosos corais<\/p>\n<p>Hoje, desencadeada<br \/>\ndo Sistema MEDOUSA,<br \/>\nque envenena e apodrece<br \/>\ntudo o que toca,<br \/>\njorra imperturbada<br \/>\ndos abismos<br \/>\ndo atl\u00e2ntico oceano<br \/>\na mais terminal das<br \/>\nNecroses<\/p>\n<p>\u201c\u2026e non serve l\u2019esorcismo,<br \/>\nfinch\u00e9 c\u2019\u00e8 capitalismo\u2026\u201d (Sanguinetti)<\/p>\n","protected":false},"excerpt":{"rendered":"<p>A MANCHA: o maior desastre ecol\u00f3gico da hist\u00f3ria dos EUA As imagens acima (registradas a 1500 metros de profundidade) foram difundidas ap\u00f3s solicita\u00e7\u00e3o de Edward Markey, presidente da Comiss\u00e3o do Congresso para a mudan\u00e7a clim\u00e1tica, intimando que a BP a torn\u00e1-las p\u00fablicas. Desde o come\u00e7o, a empresa (colidindo com ag\u00eancias do governo como a guarda [&hellip;]<\/p>\n","protected":false},"author":1,"featured_media":0,"parent":0,"menu_order":0,"comment_status":"open","ping_status":"open","template":"","meta":{"footnotes":""},"class_list":["post-259","page","type-page","status-publish","hentry"],"_links":{"self":[{"href":"https:\/\/imediata.org\/index.php?rest_route=\/wp\/v2\/pages\/259","targetHints":{"allow":["GET"]}}],"collection":[{"href":"https:\/\/imediata.org\/index.php?rest_route=\/wp\/v2\/pages"}],"about":[{"href":"https:\/\/imediata.org\/index.php?rest_route=\/wp\/v2\/types\/page"}],"author":[{"embeddable":true,"href":"https:\/\/imediata.org\/index.php?rest_route=\/wp\/v2\/users\/1"}],"replies":[{"embeddable":true,"href":"https:\/\/imediata.org\/index.php?rest_route=%2Fwp%2Fv2%2Fcomments&post=259"}],"version-history":[{"count":11,"href":"https:\/\/imediata.org\/index.php?rest_route=\/wp\/v2\/pages\/259\/revisions"}],"predecessor-version":[{"id":4327,"href":"https:\/\/imediata.org\/index.php?rest_route=\/wp\/v2\/pages\/259\/revisions\/4327"}],"wp:attachment":[{"href":"https:\/\/imediata.org\/index.php?rest_route=%2Fwp%2Fv2%2Fmedia&parent=259"}],"curies":[{"name":"wp","href":"https:\/\/api.w.org\/{rel}","templated":true}]}}